{"id":707,"date":"2022-04-14T01:27:33","date_gmt":"2022-04-13T23:27:33","guid":{"rendered":"https:\/\/modtel.travelerwp.com\/?page_id=707"},"modified":"2025-11-02T15:11:41","modified_gmt":"2025-11-02T13:11:41","slug":"contact","status":"publish","type":"page","link":"https:\/\/gocarp.com\/en\/contact\/","title":{"rendered":"Contact"},"content":{"rendered":"<div data-elementor-type=\"wp-page\" data-elementor-id=\"707\" class=\"elementor elementor-707\" data-elementor-post-type=\"page\">\n\t\t\t\t\t\t\t<div class=\"elementor-element elementor-element-2fed5072 e-flex e-con-boxed e-con e-parent\" data-id=\"2fed5072\" data-element_type=\"container\" data-settings=\"{&quot;content_width&quot;:&quot;boxed&quot;}\" data-core-v316-plus=\"true\">\n\t\t\t\t\t<div class=\"e-con-inner\">\n\t\t\t\t<div class=\"elementor-element elementor-element-58195be5 elementor-widget elementor-widget-heading\" data-id=\"58195be5\" data-element_type=\"widget\" data-widget_type=\"heading.default\">\n\t\t\t\t<div class=\"elementor-widget-container\">\n\t\t\t<style>\/*! elementor - v3.17.0 - 08-11-2023 *\/\n.elementor-heading-title{padding:0;margin:0;line-height:1}.elementor-widget-heading .elementor-heading-title[class*=elementor-size-]>a{color:inherit;font-size:inherit;line-height:inherit}.elementor-widget-heading .elementor-heading-title.elementor-size-small{font-size:15px}.elementor-widget-heading .elementor-heading-title.elementor-size-medium{font-size:19px}.elementor-widget-heading .elementor-heading-title.elementor-size-large{font-size:29px}.elementor-widget-heading .elementor-heading-title.elementor-size-xl{font-size:39px}.elementor-widget-heading .elementor-heading-title.elementor-size-xxl{font-size:59px}<\/style><h1 class=\"elementor-heading-title elementor-size-default\">Contact us<\/h1>\t\t<\/div>\n\t\t\t\t<\/div>\n\t\t\t\t\t<\/div>\n\t\t\t\t<\/div>\n\t\t\t\t<section class=\"elementor-section elementor-top-section elementor-element elementor-element-741fa26d elementor-section-boxed elementor-section-height-default elementor-section-height-default\" data-id=\"741fa26d\" data-element_type=\"section\">\n\t\t\t\t\t\t<div class=\"elementor-container elementor-column-gap-default\">\n\t\t\t\t\t<div class=\"elementor-column elementor-col-100 elementor-top-column elementor-element elementor-element-5a7dc4f0\" data-id=\"5a7dc4f0\" data-element_type=\"column\">\n\t\t\t<div class=\"elementor-widget-wrap elementor-element-populated\">\n\t\t\t\t\t\t\t\t<div class=\"elementor-element elementor-element-1952ca2d elementor-widget elementor-widget-text-editor\" data-id=\"1952ca2d\" data-element_type=\"widget\" data-widget_type=\"text-editor.default\">\n\t\t\t\t<div class=\"elementor-widget-container\">\n\t\t\t<style>\/*! elementor - v3.17.0 - 08-11-2023 *\/\n.elementor-widget-text-editor.elementor-drop-cap-view-stacked .elementor-drop-cap{background-color:#69727d;color:#fff}.elementor-widget-text-editor.elementor-drop-cap-view-framed .elementor-drop-cap{color:#69727d;border:3px solid;background-color:transparent}.elementor-widget-text-editor:not(.elementor-drop-cap-view-default) .elementor-drop-cap{margin-top:8px}.elementor-widget-text-editor:not(.elementor-drop-cap-view-default) .elementor-drop-cap-letter{width:1em;height:1em}.elementor-widget-text-editor .elementor-drop-cap{float:left;text-align:center;line-height:1;font-size:50px}.elementor-widget-text-editor .elementor-drop-cap-letter{display:inline-block}<\/style>\t\t\t\t<p><span style=\"font-size: 14pt;\">Have a question? Don\u2019t hesitate to contact our team through the following form.<\/span><\/p>\t\t\t\t\t\t<\/div>\n\t\t\t\t<\/div>\n\t\t\t\t\t<\/div>\n\t\t<\/div>\n\t\t\t\t\t\t\t<\/div>\n\t\t<\/section>\n\t\t<div class=\"elementor-element elementor-element-a195e1b e-flex e-con-boxed e-con e-parent\" data-id=\"a195e1b\" data-element_type=\"container\" data-settings=\"{&quot;content_width&quot;:&quot;boxed&quot;}\" data-core-v316-plus=\"true\">\n\t\t\t\t\t<div class=\"e-con-inner\">\n\t\t\t\t<div class=\"elementor-element elementor-element-ff0af0a elementor-widget elementor-widget-html\" data-id=\"ff0af0a\" data-element_type=\"widget\" data-widget_type=\"html.default\">\n\t\t\t\t<div class=\"elementor-widget-container\">\n\t\t\t<div data-tf-live=\"01K92ARRW884KMJ95KZMJFN0SV\"><\/div><script src=\"\/\/embed.typeform.com\/next\/embed.js\"><\/script>\t\t<\/div>\n\t\t\t\t<\/div>\n\t\t\t\t\t<\/div>\n\t\t\t\t<\/div>\n\t\t\t\t\t\t\t<\/div>","protected":false},"excerpt":{"rendered":"<p>Nous contacter Vous avez une question ? N&rsquo;h\u00e9sitez pas \u00e0 contacter notre \u00e9quipe via le formulaire. R\u00e9ponse rapide.<\/p>","protected":false},"author":4,"featured_media":0,"parent":0,"menu_order":0,"comment_status":"closed","ping_status":"closed","template":"elementor_header_footer","meta":{"om_disable_all_campaigns":false,"_monsterinsights_skip_tracking":false,"_monsterinsights_sitenote_active":false,"_monsterinsights_sitenote_note":"","_monsterinsights_sitenote_category":0,"_uf_show_specific_survey":0,"_uf_disable_surveys":false,"footnotes":""},"class_list":["post-707","page","type-page","status-publish","has-post-thumbnail","hentry"],"acf":[],"yoast_head":"<!-- This site is optimized with the Yoast SEO Premium plugin v21.4 (Yoast SEO v21.4) - https:\/\/yoast.com\/wordpress\/plugins\/seo\/ -->\n<title>Contact - GoCarp<\/title>\n<meta name=\"robots\" content=\"index, follow, max-snippet:-1, max-image-preview:large, max-video-preview:-1\" \/>\n<link rel=\"canonical\" href=\"https:\/\/gocarp.com\/en\/contact\/\" \/>\n<meta property=\"og:locale\" content=\"en_GB\" \/>\n<meta property=\"og:type\" content=\"article\" \/>\n<meta property=\"og:title\" content=\"Contact\" \/>\n<meta property=\"og:description\" content=\"Nous contacter Vous avez une question ? N&rsquo;h\u00e9sitez pas \u00e0 contacter notre \u00e9quipe via le formulaire. R\u00e9ponse rapide.\" \/>\n<meta property=\"og:url\" content=\"https:\/\/gocarp.com\/en\/contact\/\" \/>\n<meta property=\"og:site_name\" content=\"GoCarp\" \/>\n<meta property=\"article:publisher\" content=\"https:\/\/www.facebook.com\/gocarpcom\/\" \/>\n<meta property=\"article:modified_time\" content=\"2025-11-02T13:11:41+00:00\" \/>\n<meta name=\"twitter:card\" content=\"summary_large_image\" \/>\n<meta name=\"twitter:label1\" content=\"Estimated reading time\" \/>\n\t<meta name=\"twitter:data1\" content=\"1 minute\" \/>\n<script type=\"application\/ld+json\" class=\"yoast-schema-graph\">{\"@context\":\"https:\/\/schema.org\",\"@graph\":[{\"@type\":\"WebPage\",\"@id\":\"https:\/\/gocarp.com\/contact\/\",\"url\":\"https:\/\/gocarp.com\/contact\/\",\"name\":\"Contact - GoCarp\",\"isPartOf\":{\"@id\":\"https:\/\/gocarp.com\/#website\"},\"datePublished\":\"2022-04-13T23:27:33+00:00\",\"dateModified\":\"2025-11-02T13:11:41+00:00\",\"breadcrumb\":{\"@id\":\"https:\/\/gocarp.com\/contact\/#breadcrumb\"},\"inLanguage\":\"en-GB\",\"potentialAction\":[{\"@type\":\"ReadAction\",\"target\":[\"https:\/\/gocarp.com\/contact\/\"]}]},{\"@type\":\"BreadcrumbList\",\"@id\":\"https:\/\/gocarp.com\/contact\/#breadcrumb\",\"itemListElement\":[{\"@type\":\"ListItem\",\"position\":1,\"name\":\"Accueil\",\"item\":\"https:\/\/gocarp.com\/\"},{\"@type\":\"ListItem\",\"position\":2,\"name\":\"Contact\"}]},{\"@type\":\"WebSite\",\"@id\":\"https:\/\/gocarp.com\/#website\",\"url\":\"https:\/\/gocarp.com\/\",\"name\":\"GoCarp\",\"description\":\"Click &amp; fish\",\"publisher\":{\"@id\":\"https:\/\/gocarp.com\/#organization\"},\"potentialAction\":[{\"@type\":\"SearchAction\",\"target\":{\"@type\":\"EntryPoint\",\"urlTemplate\":\"https:\/\/gocarp.com\/?s={search_term_string}\"},\"query-input\":\"required name=search_term_string\"}],\"inLanguage\":\"en-GB\"},{\"@type\":\"Organization\",\"@id\":\"https:\/\/gocarp.com\/#organization\",\"name\":\"GoCarp\",\"url\":\"https:\/\/gocarp.com\/\",\"logo\":{\"@type\":\"ImageObject\",\"inLanguage\":\"en-GB\",\"@id\":\"https:\/\/gocarp.com\/#\/schema\/logo\/image\/\",\"url\":\"https:\/\/gocarp.com\/wp-content\/uploads\/2022\/11\/Logo_GoCarp_Officiel-Mini-1.png\",\"contentUrl\":\"https:\/\/gocarp.com\/wp-content\/uploads\/2022\/11\/Logo_GoCarp_Officiel-Mini-1.png\",\"width\":600,\"height\":228,\"caption\":\"GoCarp\"},\"image\":{\"@id\":\"https:\/\/gocarp.com\/#\/schema\/logo\/image\/\"},\"sameAs\":[\"https:\/\/www.facebook.com\/gocarpcom\/\",\"https:\/\/www.instagram.com\/gocarp_fishing\/\",\"https:\/\/www.youtube.com\/channel\/UCVK__pf3DhjffxBGzWDGjag\"]}]}<\/script>\n<!-- \/ Yoast SEO Premium plugin. -->","yoast_head_json":{"title":"Contact - GoCarp","robots":{"index":"index","follow":"follow","max-snippet":"max-snippet:-1","max-image-preview":"max-image-preview:large","max-video-preview":"max-video-preview:-1"},"canonical":"https:\/\/gocarp.com\/en\/contact\/","og_locale":"en_GB","og_type":"article","og_title":"Contact","og_description":"Nous contacter Vous avez une question ? N&rsquo;h\u00e9sitez pas \u00e0 contacter notre \u00e9quipe via le formulaire. R\u00e9ponse rapide.","og_url":"https:\/\/gocarp.com\/en\/contact\/","og_site_name":"GoCarp","article_publisher":"https:\/\/www.facebook.com\/gocarpcom\/","article_modified_time":"2025-11-02T13:11:41+00:00","twitter_card":"summary_large_image","twitter_misc":{"Estimated reading time":"1 minute"},"schema":{"@context":"https:\/\/schema.org","@graph":[{"@type":"WebPage","@id":"https:\/\/gocarp.com\/contact\/","url":"https:\/\/gocarp.com\/contact\/","name":"Contact - GoCarp","isPartOf":{"@id":"https:\/\/gocarp.com\/#website"},"datePublished":"2022-04-13T23:27:33+00:00","dateModified":"2025-11-02T13:11:41+00:00","breadcrumb":{"@id":"https:\/\/gocarp.com\/contact\/#breadcrumb"},"inLanguage":"en-GB","potentialAction":[{"@type":"ReadAction","target":["https:\/\/gocarp.com\/contact\/"]}]},{"@type":"BreadcrumbList","@id":"https:\/\/gocarp.com\/contact\/#breadcrumb","itemListElement":[{"@type":"ListItem","position":1,"name":"Accueil","item":"https:\/\/gocarp.com\/"},{"@type":"ListItem","position":2,"name":"Contact"}]},{"@type":"WebSite","@id":"https:\/\/gocarp.com\/#website","url":"https:\/\/gocarp.com\/","name":"GoCarp","description":"Click &amp; fish","publisher":{"@id":"https:\/\/gocarp.com\/#organization"},"potentialAction":[{"@type":"SearchAction","target":{"@type":"EntryPoint","urlTemplate":"https:\/\/gocarp.com\/?s={search_term_string}"},"query-input":"required name=search_term_string"}],"inLanguage":"en-GB"},{"@type":"Organization","@id":"https:\/\/gocarp.com\/#organization","name":"GoCarp","url":"https:\/\/gocarp.com\/","logo":{"@type":"ImageObject","inLanguage":"en-GB","@id":"https:\/\/gocarp.com\/#\/schema\/logo\/image\/","url":"https:\/\/gocarp.com\/wp-content\/uploads\/2022\/11\/Logo_GoCarp_Officiel-Mini-1.png","contentUrl":"https:\/\/gocarp.com\/wp-content\/uploads\/2022\/11\/Logo_GoCarp_Officiel-Mini-1.png","width":600,"height":228,"caption":"GoCarp"},"image":{"@id":"https:\/\/gocarp.com\/#\/schema\/logo\/image\/"},"sameAs":["https:\/\/www.facebook.com\/gocarpcom\/","https:\/\/www.instagram.com\/gocarp_fishing\/","https:\/\/www.youtube.com\/channel\/UCVK__pf3DhjffxBGzWDGjag"]}]}},"_links":{"self":[{"href":"https:\/\/gocarp.com\/en\/wp-json\/wp\/v2\/pages\/707","targetHints":{"allow":["GET"]}}],"collection":[{"href":"https:\/\/gocarp.com\/en\/wp-json\/wp\/v2\/pages"}],"about":[{"href":"https:\/\/gocarp.com\/en\/wp-json\/wp\/v2\/types\/page"}],"author":[{"embeddable":true,"href":"https:\/\/gocarp.com\/en\/wp-json\/wp\/v2\/users\/4"}],"replies":[{"embeddable":true,"href":"https:\/\/gocarp.com\/en\/wp-json\/wp\/v2\/comments?post=707"}],"version-history":[{"count":6,"href":"https:\/\/gocarp.com\/en\/wp-json\/wp\/v2\/pages\/707\/revisions"}],"predecessor-version":[{"id":29024,"href":"https:\/\/gocarp.com\/en\/wp-json\/wp\/v2\/pages\/707\/revisions\/29024"}],"wp:attachment":[{"href":"https:\/\/gocarp.com\/en\/wp-json\/wp\/v2\/media?parent=707"}],"curies":[{"name":"wp","href":"https:\/\/api.w.org\/{rel}","templated":true}]}}