{"id":29003,"date":"2025-11-01T14:05:39","date_gmt":"2025-11-01T12:05:39","guid":{"rendered":"https:\/\/gocarp.com\/?page_id=29003"},"modified":"2026-01-31T17:09:07","modified_gmt":"2026-01-31T15:09:07","slug":"mon-etang-sur-gocarp","status":"publish","type":"page","link":"https:\/\/gocarp.com\/en\/mon-etang-sur-gocarp\/","title":{"rendered":"Devenir partenaire GoCarp"},"content":{"rendered":"<div data-elementor-type=\"wp-page\" data-elementor-id=\"29003\" class=\"elementor elementor-29003\" data-elementor-post-type=\"page\">\n\t\t\t\t\t\t\t<div class=\"elementor-element elementor-element-d62b241 e-flex e-con-boxed e-con e-parent\" data-id=\"d62b241\" data-element_type=\"container\" data-settings=\"{&quot;content_width&quot;:&quot;boxed&quot;}\" data-core-v316-plus=\"true\">\n\t\t\t\t\t<div class=\"e-con-inner\">\n\t\t\t\t<div class=\"elementor-element elementor-element-384e535 elementor-widget elementor-widget-heading\" data-id=\"384e535\" data-element_type=\"widget\" data-widget_type=\"heading.default\">\n\t\t\t\t<div class=\"elementor-widget-container\">\n\t\t\t<style>\/*! elementor - v3.17.0 - 08-11-2023 *\/\n.elementor-heading-title{padding:0;margin:0;line-height:1}.elementor-widget-heading .elementor-heading-title[class*=elementor-size-]>a{color:inherit;font-size:inherit;line-height:inherit}.elementor-widget-heading .elementor-heading-title.elementor-size-small{font-size:15px}.elementor-widget-heading .elementor-heading-title.elementor-size-medium{font-size:19px}.elementor-widget-heading .elementor-heading-title.elementor-size-large{font-size:29px}.elementor-widget-heading .elementor-heading-title.elementor-size-xl{font-size:39px}.elementor-widget-heading .elementor-heading-title.elementor-size-xxl{font-size:59px}<\/style><h1 class=\"elementor-heading-title elementor-size-default\">Become a GoCarp Partner Tomorrow<\/h1>\t\t<\/div>\n\t\t\t\t<\/div>\n\t\t\t\t<div class=\"elementor-element elementor-element-dd12c46 elementor-widget__width-initial elementor-widget-mobile__width-initial elementor-widget elementor-widget-text-editor\" data-id=\"dd12c46\" data-element_type=\"widget\" data-widget_type=\"text-editor.default\">\n\t\t\t\t<div class=\"elementor-widget-container\">\n\t\t\t<style>\/*! elementor - v3.17.0 - 08-11-2023 *\/\n.elementor-widget-text-editor.elementor-drop-cap-view-stacked .elementor-drop-cap{background-color:#69727d;color:#fff}.elementor-widget-text-editor.elementor-drop-cap-view-framed .elementor-drop-cap{color:#69727d;border:3px solid;background-color:transparent}.elementor-widget-text-editor:not(.elementor-drop-cap-view-default) .elementor-drop-cap{margin-top:8px}.elementor-widget-text-editor:not(.elementor-drop-cap-view-default) .elementor-drop-cap-letter{width:1em;height:1em}.elementor-widget-text-editor .elementor-drop-cap{float:left;text-align:center;line-height:1;font-size:50px}.elementor-widget-text-editor .elementor-drop-cap-letter{display:inline-block}<\/style>\t\t\t\t<p><b>Do you have a private fishing pond and want to list it on GoCarp? Schedule a meeting with us to discuss the possibilities.<\/b><\/p>\t\t\t\t\t\t<\/div>\n\t\t\t\t<\/div>\n\t\t\t\t\t<\/div>\n\t\t\t\t<\/div>\n\t\t<div class=\"elementor-element elementor-element-4e4a00b e-flex e-con-boxed e-con e-parent\" data-id=\"4e4a00b\" data-element_type=\"container\" data-settings=\"{&quot;content_width&quot;:&quot;boxed&quot;}\" data-core-v316-plus=\"true\">\n\t\t\t\t\t<div class=\"e-con-inner\">\n\t\t\t\t<div class=\"elementor-element elementor-element-2224e3e elementor-widget elementor-widget-video\" data-id=\"2224e3e\" data-element_type=\"widget\" data-settings=\"{&quot;youtube_url&quot;:&quot;https:\\\/\\\/www.youtube.com\\\/watch?v=y_ZpQFCDL6g&quot;,&quot;yt_privacy&quot;:&quot;yes&quot;,&quot;video_type&quot;:&quot;youtube&quot;,&quot;controls&quot;:&quot;yes&quot;}\" data-widget_type=\"video.default\">\n\t\t\t\t<div class=\"elementor-widget-container\">\n\t\t\t<style>\/*! elementor - v3.17.0 - 08-11-2023 *\/\n.elementor-widget-video .elementor-widget-container{overflow:hidden;transform:translateZ(0)}.elementor-widget-video .elementor-wrapper{aspect-ratio:var(--video-aspect-ratio)}.elementor-widget-video .elementor-wrapper iframe,.elementor-widget-video .elementor-wrapper video{height:100%;width:100%;display:flex;border:none;background-color:#000}@supports not (aspect-ratio:1\/1){.elementor-widget-video .elementor-wrapper{position:relative;overflow:hidden;height:0;padding-bottom:calc(100% \/ var(--video-aspect-ratio))}.elementor-widget-video .elementor-wrapper iframe,.elementor-widget-video .elementor-wrapper video{position:absolute;top:0;right:0;bottom:0;left:0}}.elementor-widget-video .elementor-open-inline .elementor-custom-embed-image-overlay{position:absolute;top:0;right:0;bottom:0;left:0;background-size:cover;background-position:50%}.elementor-widget-video .elementor-custom-embed-image-overlay{cursor:pointer;text-align:center}.elementor-widget-video .elementor-custom-embed-image-overlay:hover .elementor-custom-embed-play i{opacity:1}.elementor-widget-video .elementor-custom-embed-image-overlay img{display:block;width:100%;aspect-ratio:var(--video-aspect-ratio);-o-object-fit:cover;object-fit:cover;-o-object-position:center center;object-position:center center}@supports not (aspect-ratio:1\/1){.elementor-widget-video .elementor-custom-embed-image-overlay{position:relative;overflow:hidden;height:0;padding-bottom:calc(100% \/ var(--video-aspect-ratio))}.elementor-widget-video .elementor-custom-embed-image-overlay img{position:absolute;top:0;right:0;bottom:0;left:0}}.elementor-widget-video .e-hosted-video .elementor-video{-o-object-fit:cover;object-fit:cover}.e-con-inner>.elementor-widget-video,.e-con>.elementor-widget-video{width:var(--container-widget-width);--flex-grow:var(--container-widget-flex-grow)}<\/style>\t\t<div class=\"elementor-wrapper elementor-open-inline\">\n\t\t\t<div class=\"elementor-video\"><\/div>\t\t<\/div>\n\t\t\t\t<\/div>\n\t\t\t\t<\/div>\n\t\t\t\t\t<\/div>\n\t\t\t\t<\/div>\n\t\t<div class=\"elementor-element elementor-element-df44020 e-flex e-con-boxed e-con e-parent\" data-id=\"df44020\" data-element_type=\"container\" data-settings=\"{&quot;content_width&quot;:&quot;boxed&quot;}\" data-core-v316-plus=\"true\">\n\t\t\t\t\t<div class=\"e-con-inner\">\n\t\t\t\t<div class=\"elementor-element elementor-element-32df3fe1 elementor-align-center elementor-mobile-align-center elementor-widget elementor-widget-button\" data-id=\"32df3fe1\" data-element_type=\"widget\" data-widget_type=\"button.default\">\n\t\t\t\t<div class=\"elementor-widget-container\">\n\t\t\t\t\t<div class=\"elementor-button-wrapper\">\n\t\t\t<a class=\"elementor-button elementor-button-link elementor-size-md elementor-animation-grow\" href=\"#rdv\">\n\t\t\t\t\t\t<span class=\"elementor-button-content-wrapper\">\n\t\t\t\t\t\t<span class=\"elementor-button-icon elementor-align-icon-right\">\n\t\t\t\t<svg aria-hidden=\"true\" class=\"e-font-icon-svg e-fas-hand-point-left\" viewbox=\"0 0 512 512\" xmlns=\"http:\/\/www.w3.org\/2000\/svg\"><path d=\"M44.8 155.826h149.234c-5.841-8.248-10.57-16.558-14.153-24.918C166.248 99.098 189.778 63.986 224 64c18.616.008 32.203 10.897 40 29.092 12.122 28.286 78.648 64.329 107.534 77.323 17.857 7.956 28.453 25.479 28.464 43.845l.002.001v171.526c0 11.812-8.596 21.897-20.269 23.703-46.837 7.25-61.76 38.483-123.731 38.315-2.724-.007-13.254.195-16 .195-50.654 0-81.574-22.122-72.6-71.263-18.597-9.297-30.738-39.486-16.45-62.315-24.645-21.177-22.639-53.896-6.299-70.944H44.8c-24.15 0-44.8-20.201-44.8-43.826 0-23.283 21.35-43.826 44.8-43.826zM440 176h48c13.255 0 24 10.745 24 24v192c0 13.255-10.745 24-24 24h-48c-13.255 0-24-10.745-24-24V200c0-13.255 10.745-24 24-24zm24 212c11.046 0 20-8.954 20-20s-8.954-20-20-20-20 8.954-20 20 8.954 20 20 20z\"><\/path><\/svg>\t\t\t<\/span>\n\t\t\t\t\t\t<span class=\"elementor-button-text\">Obtenir ma fiche \u00e9tang<\/span>\n\t\t<\/span>\n\t\t\t\t\t<\/a>\n\t\t<\/div>\n\t\t\t\t<\/div>\n\t\t\t\t<\/div>\n\t\t\t\t\t<\/div>\n\t\t\t\t<\/div>\n\t\t<div class=\"elementor-element elementor-element-e2306b9 e-flex e-con-boxed e-con e-parent\" data-id=\"e2306b9\" data-element_type=\"container\" data-settings=\"{&quot;background_background&quot;:&quot;classic&quot;,&quot;content_width&quot;:&quot;boxed&quot;}\" data-core-v316-plus=\"true\">\n\t\t\t\t\t<div class=\"e-con-inner\">\n\t\t\t\t<div class=\"elementor-element elementor-element-d0764d4 elementor-widget-laptop__width-initial elementor-widget elementor-widget-heading\" data-id=\"d0764d4\" data-element_type=\"widget\" data-widget_type=\"heading.default\">\n\t\t\t\t<div class=\"elementor-widget-container\">\n\t\t\t<h3 class=\"elementor-heading-title elementor-size-default\">Pourquoi \u00eatre partenaire GoCarp<\/h3>\t\t<\/div>\n\t\t\t\t<\/div>\n\t\t\t\t\t<\/div>\n\t\t\t\t<\/div>\n\t\t<div class=\"elementor-element elementor-element-9e96af1 e-flex e-con-boxed e-con e-parent\" data-id=\"9e96af1\" data-element_type=\"container\" data-settings=\"{&quot;content_width&quot;:&quot;boxed&quot;}\" data-core-v316-plus=\"true\">\n\t\t\t\t\t<div class=\"e-con-inner\">\n\t\t<div class=\"elementor-element elementor-element-aa85236 e-con-full e-flex e-con e-child\" data-id=\"aa85236\" data-element_type=\"container\" data-settings=\"{&quot;content_width&quot;:&quot;full&quot;}\">\n\t\t\t\t<div class=\"elementor-element elementor-element-e73147f elementor-icon-list--layout-traditional elementor-list-item-link-full_width elementor-widget elementor-widget-icon-list\" data-id=\"e73147f\" data-element_type=\"widget\" data-widget_type=\"icon-list.default\">\n\t\t\t\t<div class=\"elementor-widget-container\">\n\t\t\t<link rel=\"stylesheet\" href=\"https:\/\/gocarp.com\/wp-content\/uploads\/elementor\/css\/custom-widget-icon-list.min.css?ver=1767026239\">\t\t<ul class=\"elementor-icon-list-items\">\n\t\t\t\t\t\t\t<li class=\"elementor-icon-list-item\">\n\t\t\t\t\t\t\t\t\t\t\t<span class=\"elementor-icon-list-icon\">\n\t\t\t\t\t\t\t<svg aria-hidden=\"true\" class=\"e-font-icon-svg e-fas-check-circle\" viewbox=\"0 0 512 512\" xmlns=\"http:\/\/www.w3.org\/2000\/svg\"><path d=\"M504 256c0 136.967-111.033 248-248 248S8 392.967 8 256 119.033 8 256 8s248 111.033 248 248zM227.314 387.314l184-184c6.248-6.248 6.248-16.379 0-22.627l-22.627-22.627c-6.248-6.249-16.379-6.249-22.628 0L216 308.118l-70.059-70.059c-6.248-6.248-16.379-6.248-22.628 0l-22.627 22.627c-6.248 6.248-6.248 16.379 0 22.627l104 104c6.249 6.249 16.379 6.249 22.628.001z\"><\/path><\/svg>\t\t\t\t\t\t<\/span>\n\t\t\t\t\t\t\t\t\t\t<span class=\"elementor-icon-list-text\">France's #1 Platform<\/span>\n\t\t\t\t\t\t\t\t\t<\/li>\n\t\t\t\t\t\t<\/ul>\n\t\t\t\t<\/div>\n\t\t\t\t<\/div>\n\t\t\t\t<\/div>\n\t\t<div class=\"elementor-element elementor-element-b167254 e-con-full e-flex e-con e-child\" data-id=\"b167254\" data-element_type=\"container\" data-settings=\"{&quot;content_width&quot;:&quot;full&quot;}\">\n\t\t\t\t<div class=\"elementor-element elementor-element-de6ba6e elementor-icon-list--layout-traditional elementor-list-item-link-full_width elementor-widget elementor-widget-icon-list\" data-id=\"de6ba6e\" data-element_type=\"widget\" data-widget_type=\"icon-list.default\">\n\t\t\t\t<div class=\"elementor-widget-container\">\n\t\t\t\t\t<ul class=\"elementor-icon-list-items\">\n\t\t\t\t\t\t\t<li class=\"elementor-icon-list-item\">\n\t\t\t\t\t\t\t\t\t\t\t<span class=\"elementor-icon-list-icon\">\n\t\t\t\t\t\t\t<svg aria-hidden=\"true\" class=\"e-font-icon-svg e-fas-check-circle\" viewbox=\"0 0 512 512\" xmlns=\"http:\/\/www.w3.org\/2000\/svg\"><path d=\"M504 256c0 136.967-111.033 248-248 248S8 392.967 8 256 119.033 8 256 8s248 111.033 248 248zM227.314 387.314l184-184c6.248-6.248 6.248-16.379 0-22.627l-22.627-22.627c-6.248-6.249-16.379-6.249-22.628 0L216 308.118l-70.059-70.059c-6.248-6.248-16.379-6.248-22.628 0l-22.627 22.627c-6.248 6.248-6.248 16.379 0 22.627l104 104c6.249 6.249 16.379 6.249 22.628.001z\"><\/path><\/svg>\t\t\t\t\t\t<\/span>\n\t\t\t\t\t\t\t\t\t\t<span class=\"elementor-icon-list-text\">Anglers from across Europe<\/span>\n\t\t\t\t\t\t\t\t\t<\/li>\n\t\t\t\t\t\t<\/ul>\n\t\t\t\t<\/div>\n\t\t\t\t<\/div>\n\t\t\t\t<\/div>\n\t\t<div class=\"elementor-element elementor-element-88da08f e-con-full e-flex e-con e-child\" data-id=\"88da08f\" data-element_type=\"container\" data-settings=\"{&quot;content_width&quot;:&quot;full&quot;}\">\n\t\t\t\t<div class=\"elementor-element elementor-element-6125de0 elementor-icon-list--layout-traditional elementor-list-item-link-full_width elementor-widget elementor-widget-icon-list\" data-id=\"6125de0\" data-element_type=\"widget\" data-widget_type=\"icon-list.default\">\n\t\t\t\t<div class=\"elementor-widget-container\">\n\t\t\t\t\t<ul class=\"elementor-icon-list-items\">\n\t\t\t\t\t\t\t<li class=\"elementor-icon-list-item\">\n\t\t\t\t\t\t\t\t\t\t\t<span class=\"elementor-icon-list-icon\">\n\t\t\t\t\t\t\t<svg aria-hidden=\"true\" class=\"e-font-icon-svg e-fas-check-circle\" viewbox=\"0 0 512 512\" xmlns=\"http:\/\/www.w3.org\/2000\/svg\"><path d=\"M504 256c0 136.967-111.033 248-248 248S8 392.967 8 256 119.033 8 256 8s248 111.033 248 248zM227.314 387.314l184-184c6.248-6.248 6.248-16.379 0-22.627l-22.627-22.627c-6.248-6.249-16.379-6.249-22.628 0L216 308.118l-70.059-70.059c-6.248-6.248-16.379-6.248-22.628 0l-22.627 22.627c-6.248 6.248-6.248 16.379 0 22.627l104 104c6.249 6.249 16.379 6.249 22.628.001z\"><\/path><\/svg>\t\t\t\t\t\t<\/span>\n\t\t\t\t\t\t\t\t\t\t<span class=\"elementor-icon-list-text\">Increase your bookings<\/span>\n\t\t\t\t\t\t\t\t\t<\/li>\n\t\t\t\t\t\t<\/ul>\n\t\t\t\t<\/div>\n\t\t\t\t<\/div>\n\t\t\t\t<\/div>\n\t\t<div class=\"elementor-element elementor-element-1e8a895 e-con-full e-flex e-con e-child\" data-id=\"1e8a895\" data-element_type=\"container\" data-settings=\"{&quot;content_width&quot;:&quot;full&quot;}\">\n\t\t\t\t<div class=\"elementor-element elementor-element-5383a64 elementor-icon-list--layout-traditional elementor-list-item-link-full_width elementor-widget elementor-widget-icon-list\" data-id=\"5383a64\" data-element_type=\"widget\" data-widget_type=\"icon-list.default\">\n\t\t\t\t<div class=\"elementor-widget-container\">\n\t\t\t\t\t<ul class=\"elementor-icon-list-items\">\n\t\t\t\t\t\t\t<li class=\"elementor-icon-list-item\">\n\t\t\t\t\t\t\t\t\t\t\t<span class=\"elementor-icon-list-icon\">\n\t\t\t\t\t\t\t<svg aria-hidden=\"true\" class=\"e-font-icon-svg e-fas-check-circle\" viewbox=\"0 0 512 512\" xmlns=\"http:\/\/www.w3.org\/2000\/svg\"><path d=\"M504 256c0 136.967-111.033 248-248 248S8 392.967 8 256 119.033 8 256 8s248 111.033 248 248zM227.314 387.314l184-184c6.248-6.248 6.248-16.379 0-22.627l-22.627-22.627c-6.248-6.249-16.379-6.249-22.628 0L216 308.118l-70.059-70.059c-6.248-6.248-16.379-6.248-22.628 0l-22.627 22.627c-6.248 6.248-6.248 16.379 0 22.627l104 104c6.249 6.249 16.379 6.249 22.628.001z\"><\/path><\/svg>\t\t\t\t\t\t<\/span>\n\t\t\t\t\t\t\t\t\t\t<span class=\"elementor-icon-list-text\">Sans comissions<\/span>\n\t\t\t\t\t\t\t\t\t<\/li>\n\t\t\t\t\t\t<\/ul>\n\t\t\t\t<\/div>\n\t\t\t\t<\/div>\n\t\t\t\t<\/div>\n\t\t\t\t\t<\/div>\n\t\t\t\t<\/div>\n\t\t<div class=\"elementor-element elementor-element-5a0e344 e-flex e-con-boxed e-con e-parent\" data-id=\"5a0e344\" data-element_type=\"container\" data-settings=\"{&quot;background_background&quot;:&quot;classic&quot;,&quot;content_width&quot;:&quot;boxed&quot;}\" data-core-v316-plus=\"true\">\n\t\t\t\t\t<div class=\"e-con-inner\">\n\t\t<div class=\"elementor-element elementor-element-86a29f2 e-con-full e-flex e-con e-child\" data-id=\"86a29f2\" data-element_type=\"container\" data-settings=\"{&quot;content_width&quot;:&quot;full&quot;}\">\n\t\t\t\t<div class=\"elementor-element elementor-element-924aa86 elementor-widget-laptop__width-initial rdv elementor-widget elementor-widget-heading\" data-id=\"924aa86\" data-element_type=\"widget\" id=\"rdv\" data-widget_type=\"heading.default\">\n\t\t\t\t<div class=\"elementor-widget-container\">\n\t\t\t<h2 class=\"elementor-heading-title elementor-size-default\">Schedule an appointment<\/h2>\t\t<\/div>\n\t\t\t\t<\/div>\n\t\t\t\t<div class=\"elementor-element elementor-element-0c334f1 elementor-widget elementor-widget-html\" data-id=\"0c334f1\" data-element_type=\"widget\" data-widget_type=\"html.default\">\n\t\t\t\t<div class=\"elementor-widget-container\">\n\t\t\t<!-- Cal inline embed code begins -->\n<div style=\"width:100%;height:100%;overflow:scroll\" id=\"my-cal-inline-echange-gocarp\"><\/div>\n<script type=\"text\/javascript\">\n  (function (C, A, L) { let p = function (a, ar) { a.q.push(ar); }; let d = C.document; C.Cal = C.Cal || function () { let cal = C.Cal; let ar = arguments; if (!cal.loaded) { cal.ns = {}; cal.q = cal.q || []; d.head.appendChild(d.createElement(\"script\")).src = A; cal.loaded = true; } if (ar[0] === L) { const api = function () { p(api, arguments); }; const namespace = ar[1]; api.q = api.q || []; if(typeof namespace === \"string\"){cal.ns[namespace] = cal.ns[namespace] || api;p(cal.ns[namespace], ar);p(cal, [\"initNamespace\", namespace]);} else p(cal, ar); return;} p(cal, ar); }; })(window, \"https:\/\/app.cal.com\/embed\/embed.js\", \"init\");\nCal(\"init\", \"echange-gocarp\", {origin:\"https:\/\/app.cal.com\"});\n\n  Cal.ns[\"echange-gocarp\"](\"inline\", {\n    elementOrSelector:\"#my-cal-inline-echange-gocarp\",\n    config: {\"layout\":\"month_view\",\"useSlotsViewOnSmallScreen\":\"true\",\"theme\":\"light\"},\n    calLink: \"leaddy\/echange-gocarp\",\n  });\n\n  Cal.ns[\"echange-gocarp\"](\"ui\", {\"theme\":\"light\",\"cssVarsPerTheme\":{\"light\":{\"cal-brand\":\"#008EA7\"},\"dark\":{\"cal-brand\":\"#ffffff\"}},\"hideEventTypeDetails\":false,\"layout\":\"month_view\"});\n  <\/script>\n  <!-- Cal inline embed code ends -->\t\t<\/div>\n\t\t\t\t<\/div>\n\t\t\t\t<\/div>\n\t\t\t\t\t<\/div>\n\t\t\t\t<\/div>\n\t\t\t\t\t\t\t<\/div>","protected":false},"excerpt":{"rendered":"<p>Devenez partenaire GoCarp d\u00e8s demain Vous avez un \u00e9tang de p\u00eache priv\u00e9 et souhaitez le mettre en ligne sur GoCarp? Prenez rendez-vous avec nous pour en discuter. https:\/\/www.youtube.com\/watch?v=y_ZpQFCDL6g Obtenir ma fiche \u00e9tang Pourquoi \u00eatre partenaire GoCarp Plateforme N\u00b01 en France Des p\u00eacheurs de toute l&rsquo;Europe Augmentez vos r\u00e9servations Sans comissions Prise de rendez-vous<\/p>","protected":false},"author":4,"featured_media":0,"parent":0,"menu_order":0,"comment_status":"closed","ping_status":"closed","template":"template-blank.php","meta":{"om_disable_all_campaigns":false,"_monsterinsights_skip_tracking":false,"_monsterinsights_sitenote_active":false,"_monsterinsights_sitenote_note":"","_monsterinsights_sitenote_category":0,"_uf_show_specific_survey":0,"_uf_disable_surveys":false,"footnotes":""},"class_list":["post-29003","page","type-page","status-publish","has-post-thumbnail","hentry"],"acf":[],"yoast_head":"<!-- This site is optimized with the Yoast SEO Premium plugin v21.4 (Yoast SEO v21.4) - https:\/\/yoast.com\/wordpress\/plugins\/seo\/ -->\n<title>Mettre son \u00e9tang en ligne sur GoCarp - C&#039;est ici !<\/title>\n<meta name=\"description\" content=\"Vous souhaitez mettre en ligne votre \u00e9tang sur GoCarp pour obtenir davantage de visibilit\u00e9 et une communaut\u00e9 de carpistes qualifi\u00e9 ? C&#039;est ici !\" \/>\n<meta name=\"robots\" content=\"index, follow, max-snippet:-1, max-image-preview:large, max-video-preview:-1\" \/>\n<link rel=\"canonical\" href=\"https:\/\/gocarp.com\/en\/mon-etang-sur-gocarp\/\" \/>\n<meta property=\"og:locale\" content=\"en_GB\" \/>\n<meta property=\"og:type\" content=\"article\" \/>\n<meta property=\"og:title\" content=\"Devenir partenaire GoCarp\" \/>\n<meta property=\"og:description\" content=\"Vous souhaitez mettre en ligne votre \u00e9tang sur GoCarp pour obtenir davantage de visibilit\u00e9 et une communaut\u00e9 de carpistes qualifi\u00e9 ? C&#039;est ici !\" \/>\n<meta property=\"og:url\" content=\"https:\/\/gocarp.com\/en\/mon-etang-sur-gocarp\/\" \/>\n<meta property=\"og:site_name\" content=\"GoCarp\" \/>\n<meta property=\"article:publisher\" content=\"https:\/\/www.facebook.com\/gocarpcom\/\" \/>\n<meta property=\"article:modified_time\" content=\"2026-01-31T15:09:07+00:00\" \/>\n<meta name=\"twitter:card\" content=\"summary_large_image\" \/>\n<meta name=\"twitter:label1\" content=\"Estimated reading time\" \/>\n\t<meta name=\"twitter:data1\" content=\"1 minute\" \/>\n<script type=\"application\/ld+json\" class=\"yoast-schema-graph\">{\"@context\":\"https:\/\/schema.org\",\"@graph\":[{\"@type\":\"WebPage\",\"@id\":\"https:\/\/gocarp.com\/mon-etang-sur-gocarp\/\",\"url\":\"https:\/\/gocarp.com\/mon-etang-sur-gocarp\/\",\"name\":\"Mettre son \u00e9tang en ligne sur GoCarp - C'est ici !\",\"isPartOf\":{\"@id\":\"https:\/\/gocarp.com\/#website\"},\"datePublished\":\"2025-11-01T12:05:39+00:00\",\"dateModified\":\"2026-01-31T15:09:07+00:00\",\"description\":\"Vous souhaitez mettre en ligne votre \u00e9tang sur GoCarp pour obtenir davantage de visibilit\u00e9 et une communaut\u00e9 de carpistes qualifi\u00e9 ? C'est ici !\",\"breadcrumb\":{\"@id\":\"https:\/\/gocarp.com\/mon-etang-sur-gocarp\/#breadcrumb\"},\"inLanguage\":\"en-GB\",\"potentialAction\":[{\"@type\":\"ReadAction\",\"target\":[\"https:\/\/gocarp.com\/mon-etang-sur-gocarp\/\"]}]},{\"@type\":\"BreadcrumbList\",\"@id\":\"https:\/\/gocarp.com\/mon-etang-sur-gocarp\/#breadcrumb\",\"itemListElement\":[{\"@type\":\"ListItem\",\"position\":1,\"name\":\"Accueil\",\"item\":\"https:\/\/gocarp.com\/\"},{\"@type\":\"ListItem\",\"position\":2,\"name\":\"Devenir partenaire GoCarp\"}]},{\"@type\":\"WebSite\",\"@id\":\"https:\/\/gocarp.com\/#website\",\"url\":\"https:\/\/gocarp.com\/\",\"name\":\"GoCarp\",\"description\":\"Click &amp; fish\",\"publisher\":{\"@id\":\"https:\/\/gocarp.com\/#organization\"},\"potentialAction\":[{\"@type\":\"SearchAction\",\"target\":{\"@type\":\"EntryPoint\",\"urlTemplate\":\"https:\/\/gocarp.com\/?s={search_term_string}\"},\"query-input\":\"required name=search_term_string\"}],\"inLanguage\":\"en-GB\"},{\"@type\":\"Organization\",\"@id\":\"https:\/\/gocarp.com\/#organization\",\"name\":\"GoCarp\",\"url\":\"https:\/\/gocarp.com\/\",\"logo\":{\"@type\":\"ImageObject\",\"inLanguage\":\"en-GB\",\"@id\":\"https:\/\/gocarp.com\/#\/schema\/logo\/image\/\",\"url\":\"https:\/\/gocarp.com\/wp-content\/uploads\/2022\/11\/Logo_GoCarp_Officiel-Mini-1.png\",\"contentUrl\":\"https:\/\/gocarp.com\/wp-content\/uploads\/2022\/11\/Logo_GoCarp_Officiel-Mini-1.png\",\"width\":600,\"height\":228,\"caption\":\"GoCarp\"},\"image\":{\"@id\":\"https:\/\/gocarp.com\/#\/schema\/logo\/image\/\"},\"sameAs\":[\"https:\/\/www.facebook.com\/gocarpcom\/\",\"https:\/\/www.instagram.com\/gocarp_fishing\/\",\"https:\/\/www.youtube.com\/channel\/UCVK__pf3DhjffxBGzWDGjag\"]}]}<\/script>\n<!-- \/ Yoast SEO Premium plugin. -->","yoast_head_json":{"title":"Mettre son \u00e9tang en ligne sur GoCarp - C'est ici !","description":"Vous souhaitez mettre en ligne votre \u00e9tang sur GoCarp pour obtenir davantage de visibilit\u00e9 et une communaut\u00e9 de carpistes qualifi\u00e9 ? C'est ici !","robots":{"index":"index","follow":"follow","max-snippet":"max-snippet:-1","max-image-preview":"max-image-preview:large","max-video-preview":"max-video-preview:-1"},"canonical":"https:\/\/gocarp.com\/en\/mon-etang-sur-gocarp\/","og_locale":"en_GB","og_type":"article","og_title":"Devenir partenaire GoCarp","og_description":"Vous souhaitez mettre en ligne votre \u00e9tang sur GoCarp pour obtenir davantage de visibilit\u00e9 et une communaut\u00e9 de carpistes qualifi\u00e9 ? C'est ici !","og_url":"https:\/\/gocarp.com\/en\/mon-etang-sur-gocarp\/","og_site_name":"GoCarp","article_publisher":"https:\/\/www.facebook.com\/gocarpcom\/","article_modified_time":"2026-01-31T15:09:07+00:00","twitter_card":"summary_large_image","twitter_misc":{"Estimated reading time":"1 minute"},"schema":{"@context":"https:\/\/schema.org","@graph":[{"@type":"WebPage","@id":"https:\/\/gocarp.com\/mon-etang-sur-gocarp\/","url":"https:\/\/gocarp.com\/mon-etang-sur-gocarp\/","name":"Mettre son \u00e9tang en ligne sur GoCarp - C'est ici !","isPartOf":{"@id":"https:\/\/gocarp.com\/#website"},"datePublished":"2025-11-01T12:05:39+00:00","dateModified":"2026-01-31T15:09:07+00:00","description":"Vous souhaitez mettre en ligne votre \u00e9tang sur GoCarp pour obtenir davantage de visibilit\u00e9 et une communaut\u00e9 de carpistes qualifi\u00e9 ? C'est ici !","breadcrumb":{"@id":"https:\/\/gocarp.com\/mon-etang-sur-gocarp\/#breadcrumb"},"inLanguage":"en-GB","potentialAction":[{"@type":"ReadAction","target":["https:\/\/gocarp.com\/mon-etang-sur-gocarp\/"]}]},{"@type":"BreadcrumbList","@id":"https:\/\/gocarp.com\/mon-etang-sur-gocarp\/#breadcrumb","itemListElement":[{"@type":"ListItem","position":1,"name":"Accueil","item":"https:\/\/gocarp.com\/"},{"@type":"ListItem","position":2,"name":"Devenir partenaire GoCarp"}]},{"@type":"WebSite","@id":"https:\/\/gocarp.com\/#website","url":"https:\/\/gocarp.com\/","name":"GoCarp","description":"Click &amp; fish","publisher":{"@id":"https:\/\/gocarp.com\/#organization"},"potentialAction":[{"@type":"SearchAction","target":{"@type":"EntryPoint","urlTemplate":"https:\/\/gocarp.com\/?s={search_term_string}"},"query-input":"required name=search_term_string"}],"inLanguage":"en-GB"},{"@type":"Organization","@id":"https:\/\/gocarp.com\/#organization","name":"GoCarp","url":"https:\/\/gocarp.com\/","logo":{"@type":"ImageObject","inLanguage":"en-GB","@id":"https:\/\/gocarp.com\/#\/schema\/logo\/image\/","url":"https:\/\/gocarp.com\/wp-content\/uploads\/2022\/11\/Logo_GoCarp_Officiel-Mini-1.png","contentUrl":"https:\/\/gocarp.com\/wp-content\/uploads\/2022\/11\/Logo_GoCarp_Officiel-Mini-1.png","width":600,"height":228,"caption":"GoCarp"},"image":{"@id":"https:\/\/gocarp.com\/#\/schema\/logo\/image\/"},"sameAs":["https:\/\/www.facebook.com\/gocarpcom\/","https:\/\/www.instagram.com\/gocarp_fishing\/","https:\/\/www.youtube.com\/channel\/UCVK__pf3DhjffxBGzWDGjag"]}]}},"_links":{"self":[{"href":"https:\/\/gocarp.com\/en\/wp-json\/wp\/v2\/pages\/29003","targetHints":{"allow":["GET"]}}],"collection":[{"href":"https:\/\/gocarp.com\/en\/wp-json\/wp\/v2\/pages"}],"about":[{"href":"https:\/\/gocarp.com\/en\/wp-json\/wp\/v2\/types\/page"}],"author":[{"embeddable":true,"href":"https:\/\/gocarp.com\/en\/wp-json\/wp\/v2\/users\/4"}],"replies":[{"embeddable":true,"href":"https:\/\/gocarp.com\/en\/wp-json\/wp\/v2\/comments?post=29003"}],"version-history":[{"count":22,"href":"https:\/\/gocarp.com\/en\/wp-json\/wp\/v2\/pages\/29003\/revisions"}],"predecessor-version":[{"id":29154,"href":"https:\/\/gocarp.com\/en\/wp-json\/wp\/v2\/pages\/29003\/revisions\/29154"}],"wp:attachment":[{"href":"https:\/\/gocarp.com\/en\/wp-json\/wp\/v2\/media?parent=29003"}],"curies":[{"name":"wp","href":"https:\/\/api.w.org\/{rel}","templated":true}]}}