{"id":24756,"date":"2023-12-07T12:25:57","date_gmt":"2023-12-07T10:25:57","guid":{"rendered":"https:\/\/gocarp.com\/?page_id=24756"},"modified":"2023-12-21T11:43:58","modified_gmt":"2023-12-21T09:43:58","slug":"club-prive","status":"publish","type":"page","link":"https:\/\/gocarp.com\/en\/club-prive\/","title":{"rendered":"Club Priv\u00e9 GoCarp"},"content":{"rendered":"<div data-elementor-type=\"wp-page\" data-elementor-id=\"24756\" class=\"elementor elementor-24756\" data-elementor-post-type=\"page\">\n\t\t\t\t\t\t\t<div class=\"elementor-element elementor-element-933a090 e-flex e-con-boxed e-con e-parent\" data-id=\"933a090\" data-element_type=\"container\" data-settings=\"{&quot;background_background&quot;:&quot;classic&quot;,&quot;content_width&quot;:&quot;boxed&quot;}\" data-core-v316-plus=\"true\">\n\t\t\t\t\t<div class=\"e-con-inner\">\n\t\t\t\t\t<\/div>\n\t\t\t\t<\/div>\n\t\t<div class=\"elementor-element elementor-element-cba9cbf e-con-full e-flex e-con e-parent\" data-id=\"cba9cbf\" data-element_type=\"container\" data-settings=\"{&quot;content_width&quot;:&quot;full&quot;}\" data-core-v316-plus=\"true\">\n\t\t<div class=\"elementor-element elementor-element-86a29f2 e-con-full e-flex e-con e-child\" data-id=\"86a29f2\" data-element_type=\"container\" data-settings=\"{&quot;content_width&quot;:&quot;full&quot;}\">\n\t\t\t\t<div class=\"elementor-element elementor-element-384e535 elementor-widget elementor-widget-heading\" data-id=\"384e535\" data-element_type=\"widget\" data-widget_type=\"heading.default\">\n\t\t\t\t<div class=\"elementor-widget-container\">\n\t\t\t<style>\/*! elementor - v3.17.0 - 08-11-2023 *\/\n.elementor-heading-title{padding:0;margin:0;line-height:1}.elementor-widget-heading .elementor-heading-title[class*=elementor-size-]>a{color:inherit;font-size:inherit;line-height:inherit}.elementor-widget-heading .elementor-heading-title.elementor-size-small{font-size:15px}.elementor-widget-heading .elementor-heading-title.elementor-size-medium{font-size:19px}.elementor-widget-heading .elementor-heading-title.elementor-size-large{font-size:29px}.elementor-widget-heading .elementor-heading-title.elementor-size-xl{font-size:39px}.elementor-widget-heading .elementor-heading-title.elementor-size-xxl{font-size:59px}<\/style><h1 class=\"elementor-heading-title elementor-size-default\">Club Priv\u00e9 GoCarp<\/h1>\t\t<\/div>\n\t\t\t\t<\/div>\n\t\t\t\t<div class=\"elementor-element elementor-element-dd12c46 elementor-widget elementor-widget-text-editor\" data-id=\"dd12c46\" data-element_type=\"widget\" data-widget_type=\"text-editor.default\">\n\t\t\t\t<div class=\"elementor-widget-container\">\n\t\t\t<style>\/*! elementor - v3.17.0 - 08-11-2023 *\/\n.elementor-widget-text-editor.elementor-drop-cap-view-stacked .elementor-drop-cap{background-color:#69727d;color:#fff}.elementor-widget-text-editor.elementor-drop-cap-view-framed .elementor-drop-cap{color:#69727d;border:3px solid;background-color:transparent}.elementor-widget-text-editor:not(.elementor-drop-cap-view-default) .elementor-drop-cap{margin-top:8px}.elementor-widget-text-editor:not(.elementor-drop-cap-view-default) .elementor-drop-cap-letter{width:1em;height:1em}.elementor-widget-text-editor .elementor-drop-cap{float:left;text-align:center;line-height:1;font-size:50px}.elementor-widget-text-editor .elementor-drop-cap-letter{display:inline-block}<\/style>\t\t\t\tGoCarp lance son club priv\u00e9 d\u00e9di\u00e9 aux carpistes passionn\u00e9s !\n(places limit\u00e9es)\t\t\t\t\t\t<\/div>\n\t\t\t\t<\/div>\n\t\t\t\t<div class=\"elementor-element elementor-element-d0764d4 elementor-widget elementor-widget-heading\" data-id=\"d0764d4\" data-element_type=\"widget\" data-widget_type=\"heading.default\">\n\t\t\t\t<div class=\"elementor-widget-container\">\n\t\t\t<h4 class=\"elementor-heading-title elementor-size-default\">Au programme :<\/h4>\t\t<\/div>\n\t\t\t\t<\/div>\n\t\t\t\t<div class=\"elementor-element elementor-element-e73147f elementor-icon-list--layout-traditional elementor-list-item-link-full_width elementor-widget elementor-widget-icon-list\" data-id=\"e73147f\" data-element_type=\"widget\" data-widget_type=\"icon-list.default\">\n\t\t\t\t<div class=\"elementor-widget-container\">\n\t\t\t<link rel=\"stylesheet\" href=\"https:\/\/gocarp.com\/wp-content\/uploads\/elementor\/css\/custom-widget-icon-list.min.css?ver=1767026239\">\t\t<ul class=\"elementor-icon-list-items\">\n\t\t\t\t\t\t\t<li class=\"elementor-icon-list-item\">\n\t\t\t\t\t\t\t\t\t\t\t<span class=\"elementor-icon-list-icon\">\n\t\t\t\t\t\t\t<svg aria-hidden=\"true\" class=\"e-font-icon-svg e-fas-check-circle\" viewbox=\"0 0 512 512\" xmlns=\"http:\/\/www.w3.org\/2000\/svg\"><path d=\"M504 256c0 136.967-111.033 248-248 248S8 392.967 8 256 119.033 8 256 8s248 111.033 248 248zM227.314 387.314l184-184c6.248-6.248 6.248-16.379 0-22.627l-22.627-22.627c-6.248-6.249-16.379-6.249-22.628 0L216 308.118l-70.059-70.059c-6.248-6.248-16.379-6.248-22.628 0l-22.627 22.627c-6.248 6.248-6.248 16.379 0 22.627l104 104c6.249 6.249 16.379 6.249 22.628.001z\"><\/path><\/svg>\t\t\t\t\t\t<\/span>\n\t\t\t\t\t\t\t\t\t\t<span class=\"elementor-icon-list-text\">Tutos montages et astuces<\/span>\n\t\t\t\t\t\t\t\t\t<\/li>\n\t\t\t\t\t\t\t\t<li class=\"elementor-icon-list-item\">\n\t\t\t\t\t\t\t\t\t\t\t<span class=\"elementor-icon-list-icon\">\n\t\t\t\t\t\t\t<svg aria-hidden=\"true\" class=\"e-font-icon-svg e-fas-check-circle\" viewbox=\"0 0 512 512\" xmlns=\"http:\/\/www.w3.org\/2000\/svg\"><path d=\"M504 256c0 136.967-111.033 248-248 248S8 392.967 8 256 119.033 8 256 8s248 111.033 248 248zM227.314 387.314l184-184c6.248-6.248 6.248-16.379 0-22.627l-22.627-22.627c-6.248-6.249-16.379-6.249-22.628 0L216 308.118l-70.059-70.059c-6.248-6.248-16.379-6.248-22.628 0l-22.627 22.627c-6.248 6.248-6.248 16.379 0 22.627l104 104c6.249 6.249 16.379 6.249 22.628.001z\"><\/path><\/svg>\t\t\t\t\t\t<\/span>\n\t\t\t\t\t\t\t\t\t\t<span class=\"elementor-icon-list-text\">Webinaires et live exclusifs<\/span>\n\t\t\t\t\t\t\t\t\t<\/li>\n\t\t\t\t\t\t\t\t<li class=\"elementor-icon-list-item\">\n\t\t\t\t\t\t\t\t\t\t\t<span class=\"elementor-icon-list-icon\">\n\t\t\t\t\t\t\t<svg aria-hidden=\"true\" class=\"e-font-icon-svg e-fas-check-circle\" viewbox=\"0 0 512 512\" xmlns=\"http:\/\/www.w3.org\/2000\/svg\"><path d=\"M504 256c0 136.967-111.033 248-248 248S8 392.967 8 256 119.033 8 256 8s248 111.033 248 248zM227.314 387.314l184-184c6.248-6.248 6.248-16.379 0-22.627l-22.627-22.627c-6.248-6.249-16.379-6.249-22.628 0L216 308.118l-70.059-70.059c-6.248-6.248-16.379-6.248-22.628 0l-22.627 22.627c-6.248 6.248-6.248 16.379 0 22.627l104 104c6.249 6.249 16.379 6.249 22.628.001z\"><\/path><\/svg>\t\t\t\t\t\t<\/span>\n\t\t\t\t\t\t\t\t\t\t<span class=\"elementor-icon-list-text\">Conseils de nos ambassadeurs<\/span>\n\t\t\t\t\t\t\t\t\t<\/li>\n\t\t\t\t\t\t\t\t<li class=\"elementor-icon-list-item\">\n\t\t\t\t\t\t\t\t\t\t\t<span class=\"elementor-icon-list-icon\">\n\t\t\t\t\t\t\t<svg aria-hidden=\"true\" class=\"e-font-icon-svg e-fas-check-circle\" viewbox=\"0 0 512 512\" xmlns=\"http:\/\/www.w3.org\/2000\/svg\"><path d=\"M504 256c0 136.967-111.033 248-248 248S8 392.967 8 256 119.033 8 256 8s248 111.033 248 248zM227.314 387.314l184-184c6.248-6.248 6.248-16.379 0-22.627l-22.627-22.627c-6.248-6.249-16.379-6.249-22.628 0L216 308.118l-70.059-70.059c-6.248-6.248-16.379-6.248-22.628 0l-22.627 22.627c-6.248 6.248-6.248 16.379 0 22.627l104 104c6.249 6.249 16.379 6.249 22.628.001z\"><\/path><\/svg>\t\t\t\t\t\t<\/span>\n\t\t\t\t\t\t\t\t\t\t<span class=\"elementor-icon-list-text\">Sessions \u00e0 gagner<\/span>\n\t\t\t\t\t\t\t\t\t<\/li>\n\t\t\t\t\t\t\t\t<li class=\"elementor-icon-list-item\">\n\t\t\t\t\t\t\t\t\t\t\t<span class=\"elementor-icon-list-icon\">\n\t\t\t\t\t\t\t<svg aria-hidden=\"true\" class=\"e-font-icon-svg e-fas-check-circle\" viewbox=\"0 0 512 512\" xmlns=\"http:\/\/www.w3.org\/2000\/svg\"><path d=\"M504 256c0 136.967-111.033 248-248 248S8 392.967 8 256 119.033 8 256 8s248 111.033 248 248zM227.314 387.314l184-184c6.248-6.248 6.248-16.379 0-22.627l-22.627-22.627c-6.248-6.249-16.379-6.249-22.628 0L216 308.118l-70.059-70.059c-6.248-6.248-16.379-6.248-22.628 0l-22.627 22.627c-6.248 6.248-6.248 16.379 0 22.627l104 104c6.249 6.249 16.379 6.249 22.628.001z\"><\/path><\/svg>\t\t\t\t\t\t<\/span>\n\t\t\t\t\t\t\t\t\t\t<span class=\"elementor-icon-list-text\">Podcasts entre passionn\u00e9s<\/span>\n\t\t\t\t\t\t\t\t\t<\/li>\n\t\t\t\t\t\t\t\t<li class=\"elementor-icon-list-item\">\n\t\t\t\t\t\t\t\t\t\t\t<span class=\"elementor-icon-list-icon\">\n\t\t\t\t\t\t\t<svg aria-hidden=\"true\" class=\"e-font-icon-svg e-fas-check-circle\" viewbox=\"0 0 512 512\" xmlns=\"http:\/\/www.w3.org\/2000\/svg\"><path d=\"M504 256c0 136.967-111.033 248-248 248S8 392.967 8 256 119.033 8 256 8s248 111.033 248 248zM227.314 387.314l184-184c6.248-6.248 6.248-16.379 0-22.627l-22.627-22.627c-6.248-6.249-16.379-6.249-22.628 0L216 308.118l-70.059-70.059c-6.248-6.248-16.379-6.248-22.628 0l-22.627 22.627c-6.248 6.248-6.248 16.379 0 22.627l104 104c6.249 6.249 16.379 6.249 22.628.001z\"><\/path><\/svg>\t\t\t\t\t\t<\/span>\n\t\t\t\t\t\t\t\t\t\t<span class=\"elementor-icon-list-text\">Contenu exclusifs sur les spots de p\u00eache<\/span>\n\t\t\t\t\t\t\t\t\t<\/li>\n\t\t\t\t\t\t<\/ul>\n\t\t\t\t<\/div>\n\t\t\t\t<\/div>\n\t\t\t\t<\/div>\n\t\t<div class=\"elementor-element elementor-element-c7af4fa e-con-full elementor-hidden-tablet_extra elementor-hidden-tablet elementor-hidden-mobile e-flex e-con e-child\" data-id=\"c7af4fa\" data-element_type=\"container\" data-settings=\"{&quot;content_width&quot;:&quot;full&quot;}\">\n\t\t\t\t<div class=\"elementor-element elementor-element-859ba79 elementor-widget elementor-widget-html\" data-id=\"859ba79\" data-element_type=\"widget\" data-widget_type=\"html.default\">\n\t\t\t\t<div class=\"elementor-widget-container\">\n\t\t\t<div data-tf-live=\"01HJ5S90PR2HNGJW7GTEJ4DQ67\"><\/div><script src=\"\/\/embed.typeform.com\/next\/embed.js\"><\/script>\t\t<\/div>\n\t\t\t\t<\/div>\n\t\t\t\t<\/div>\n\t\t\t\t<\/div>\n\t\t<div class=\"elementor-element elementor-element-5c6d13c elementor-hidden-widescreen elementor-hidden-desktop elementor-hidden-laptop e-flex e-con-boxed e-con e-parent\" data-id=\"5c6d13c\" data-element_type=\"container\" data-settings=\"{&quot;content_width&quot;:&quot;boxed&quot;}\" data-core-v316-plus=\"true\">\n\t\t\t\t\t<div class=\"e-con-inner\">\n\t\t\t\t<div class=\"elementor-element elementor-element-f1dda8f elementor-widget elementor-widget-html\" data-id=\"f1dda8f\" data-element_type=\"widget\" data-widget_type=\"html.default\">\n\t\t\t\t<div class=\"elementor-widget-container\">\n\t\t\t<div data-tf-live=\"01HJ5S90PR2HNGJW7GTEJ4DQ67\"><\/div><script src=\"\/\/embed.typeform.com\/next\/embed.js\"><\/script>\t\t<\/div>\n\t\t\t\t<\/div>\n\t\t\t\t\t<\/div>\n\t\t\t\t<\/div>\n\t\t\t\t\t\t\t<\/div>","protected":false},"excerpt":{"rendered":"<p>Club Priv\u00e9 GoCarp GoCarp lance son club priv\u00e9 d\u00e9di\u00e9 aux carpistes passionn\u00e9s ! (places limit\u00e9es) Au programme : Tutos montages et astuces Webinaires et live exclusifs Conseils de nos ambassadeurs Sessions \u00e0 gagner Podcasts entre passionn\u00e9s Contenu exclusifs sur les spots de p\u00eache<\/p>","protected":false},"author":4,"featured_media":0,"parent":0,"menu_order":0,"comment_status":"closed","ping_status":"closed","template":"template-blank.php","meta":{"om_disable_all_campaigns":false,"_monsterinsights_skip_tracking":false,"_monsterinsights_sitenote_active":false,"_monsterinsights_sitenote_note":"","_monsterinsights_sitenote_category":0,"_uf_show_specific_survey":0,"_uf_disable_surveys":false,"footnotes":""},"class_list":["post-24756","page","type-page","status-publish","has-post-thumbnail","hentry"],"acf":[],"yoast_head":"<!-- This site is optimized with the Yoast SEO Premium plugin v21.4 (Yoast SEO v21.4) - https:\/\/yoast.com\/wordpress\/plugins\/seo\/ -->\n<title>Club Priv\u00e9 GoCarp - GoCarp<\/title>\n<meta name=\"robots\" content=\"index, follow, max-snippet:-1, max-image-preview:large, max-video-preview:-1\" \/>\n<link rel=\"canonical\" href=\"https:\/\/gocarp.com\/en\/club-prive\/\" \/>\n<meta property=\"og:locale\" content=\"en_GB\" \/>\n<meta property=\"og:type\" content=\"article\" \/>\n<meta property=\"og:title\" content=\"Club Priv\u00e9 GoCarp\" \/>\n<meta property=\"og:description\" content=\"Club Priv\u00e9 GoCarp GoCarp lance son club priv\u00e9 d\u00e9di\u00e9 aux carpistes passionn\u00e9s ! (places limit\u00e9es) Au programme : Tutos montages et astuces Webinaires et live exclusifs Conseils de nos ambassadeurs Sessions \u00e0 gagner Podcasts entre passionn\u00e9s Contenu exclusifs sur les spots de p\u00eache\" \/>\n<meta property=\"og:url\" content=\"https:\/\/gocarp.com\/en\/club-prive\/\" \/>\n<meta property=\"og:site_name\" content=\"GoCarp\" \/>\n<meta property=\"article:publisher\" content=\"https:\/\/www.facebook.com\/gocarpcom\/\" \/>\n<meta property=\"article:modified_time\" content=\"2023-12-21T09:43:58+00:00\" \/>\n<meta name=\"twitter:card\" content=\"summary_large_image\" \/>\n<meta name=\"twitter:label1\" content=\"Estimated reading time\" \/>\n\t<meta name=\"twitter:data1\" content=\"1 minute\" \/>\n<script type=\"application\/ld+json\" class=\"yoast-schema-graph\">{\"@context\":\"https:\/\/schema.org\",\"@graph\":[{\"@type\":\"WebPage\",\"@id\":\"https:\/\/gocarp.com\/club-prive\/\",\"url\":\"https:\/\/gocarp.com\/club-prive\/\",\"name\":\"Club Priv\u00e9 GoCarp - GoCarp\",\"isPartOf\":{\"@id\":\"https:\/\/gocarp.com\/#website\"},\"datePublished\":\"2023-12-07T10:25:57+00:00\",\"dateModified\":\"2023-12-21T09:43:58+00:00\",\"breadcrumb\":{\"@id\":\"https:\/\/gocarp.com\/club-prive\/#breadcrumb\"},\"inLanguage\":\"en-GB\",\"potentialAction\":[{\"@type\":\"ReadAction\",\"target\":[\"https:\/\/gocarp.com\/club-prive\/\"]}]},{\"@type\":\"BreadcrumbList\",\"@id\":\"https:\/\/gocarp.com\/club-prive\/#breadcrumb\",\"itemListElement\":[{\"@type\":\"ListItem\",\"position\":1,\"name\":\"Accueil\",\"item\":\"https:\/\/gocarp.com\/\"},{\"@type\":\"ListItem\",\"position\":2,\"name\":\"Club Priv\u00e9 GoCarp\"}]},{\"@type\":\"WebSite\",\"@id\":\"https:\/\/gocarp.com\/#website\",\"url\":\"https:\/\/gocarp.com\/\",\"name\":\"GoCarp\",\"description\":\"Click &amp; fish\",\"publisher\":{\"@id\":\"https:\/\/gocarp.com\/#organization\"},\"potentialAction\":[{\"@type\":\"SearchAction\",\"target\":{\"@type\":\"EntryPoint\",\"urlTemplate\":\"https:\/\/gocarp.com\/?s={search_term_string}\"},\"query-input\":\"required name=search_term_string\"}],\"inLanguage\":\"en-GB\"},{\"@type\":\"Organization\",\"@id\":\"https:\/\/gocarp.com\/#organization\",\"name\":\"GoCarp\",\"url\":\"https:\/\/gocarp.com\/\",\"logo\":{\"@type\":\"ImageObject\",\"inLanguage\":\"en-GB\",\"@id\":\"https:\/\/gocarp.com\/#\/schema\/logo\/image\/\",\"url\":\"https:\/\/gocarp.com\/wp-content\/uploads\/2022\/11\/Logo_GoCarp_Officiel-Mini-1.png\",\"contentUrl\":\"https:\/\/gocarp.com\/wp-content\/uploads\/2022\/11\/Logo_GoCarp_Officiel-Mini-1.png\",\"width\":600,\"height\":228,\"caption\":\"GoCarp\"},\"image\":{\"@id\":\"https:\/\/gocarp.com\/#\/schema\/logo\/image\/\"},\"sameAs\":[\"https:\/\/www.facebook.com\/gocarpcom\/\",\"https:\/\/www.instagram.com\/gocarp_fishing\/\",\"https:\/\/www.youtube.com\/channel\/UCVK__pf3DhjffxBGzWDGjag\"]}]}<\/script>\n<!-- \/ Yoast SEO Premium plugin. -->","yoast_head_json":{"title":"Club Priv\u00e9 GoCarp - GoCarp","robots":{"index":"index","follow":"follow","max-snippet":"max-snippet:-1","max-image-preview":"max-image-preview:large","max-video-preview":"max-video-preview:-1"},"canonical":"https:\/\/gocarp.com\/en\/club-prive\/","og_locale":"en_GB","og_type":"article","og_title":"Club Priv\u00e9 GoCarp","og_description":"Club Priv\u00e9 GoCarp GoCarp lance son club priv\u00e9 d\u00e9di\u00e9 aux carpistes passionn\u00e9s ! (places limit\u00e9es) Au programme : Tutos montages et astuces Webinaires et live exclusifs Conseils de nos ambassadeurs Sessions \u00e0 gagner Podcasts entre passionn\u00e9s Contenu exclusifs sur les spots de p\u00eache","og_url":"https:\/\/gocarp.com\/en\/club-prive\/","og_site_name":"GoCarp","article_publisher":"https:\/\/www.facebook.com\/gocarpcom\/","article_modified_time":"2023-12-21T09:43:58+00:00","twitter_card":"summary_large_image","twitter_misc":{"Estimated reading time":"1 minute"},"schema":{"@context":"https:\/\/schema.org","@graph":[{"@type":"WebPage","@id":"https:\/\/gocarp.com\/club-prive\/","url":"https:\/\/gocarp.com\/club-prive\/","name":"Club Priv\u00e9 GoCarp - GoCarp","isPartOf":{"@id":"https:\/\/gocarp.com\/#website"},"datePublished":"2023-12-07T10:25:57+00:00","dateModified":"2023-12-21T09:43:58+00:00","breadcrumb":{"@id":"https:\/\/gocarp.com\/club-prive\/#breadcrumb"},"inLanguage":"en-GB","potentialAction":[{"@type":"ReadAction","target":["https:\/\/gocarp.com\/club-prive\/"]}]},{"@type":"BreadcrumbList","@id":"https:\/\/gocarp.com\/club-prive\/#breadcrumb","itemListElement":[{"@type":"ListItem","position":1,"name":"Accueil","item":"https:\/\/gocarp.com\/"},{"@type":"ListItem","position":2,"name":"Club Priv\u00e9 GoCarp"}]},{"@type":"WebSite","@id":"https:\/\/gocarp.com\/#website","url":"https:\/\/gocarp.com\/","name":"GoCarp","description":"Click &amp; fish","publisher":{"@id":"https:\/\/gocarp.com\/#organization"},"potentialAction":[{"@type":"SearchAction","target":{"@type":"EntryPoint","urlTemplate":"https:\/\/gocarp.com\/?s={search_term_string}"},"query-input":"required name=search_term_string"}],"inLanguage":"en-GB"},{"@type":"Organization","@id":"https:\/\/gocarp.com\/#organization","name":"GoCarp","url":"https:\/\/gocarp.com\/","logo":{"@type":"ImageObject","inLanguage":"en-GB","@id":"https:\/\/gocarp.com\/#\/schema\/logo\/image\/","url":"https:\/\/gocarp.com\/wp-content\/uploads\/2022\/11\/Logo_GoCarp_Officiel-Mini-1.png","contentUrl":"https:\/\/gocarp.com\/wp-content\/uploads\/2022\/11\/Logo_GoCarp_Officiel-Mini-1.png","width":600,"height":228,"caption":"GoCarp"},"image":{"@id":"https:\/\/gocarp.com\/#\/schema\/logo\/image\/"},"sameAs":["https:\/\/www.facebook.com\/gocarpcom\/","https:\/\/www.instagram.com\/gocarp_fishing\/","https:\/\/www.youtube.com\/channel\/UCVK__pf3DhjffxBGzWDGjag"]}]}},"_links":{"self":[{"href":"https:\/\/gocarp.com\/en\/wp-json\/wp\/v2\/pages\/24756","targetHints":{"allow":["GET"]}}],"collection":[{"href":"https:\/\/gocarp.com\/en\/wp-json\/wp\/v2\/pages"}],"about":[{"href":"https:\/\/gocarp.com\/en\/wp-json\/wp\/v2\/types\/page"}],"author":[{"embeddable":true,"href":"https:\/\/gocarp.com\/en\/wp-json\/wp\/v2\/users\/4"}],"replies":[{"embeddable":true,"href":"https:\/\/gocarp.com\/en\/wp-json\/wp\/v2\/comments?post=24756"}],"version-history":[{"count":0,"href":"https:\/\/gocarp.com\/en\/wp-json\/wp\/v2\/pages\/24756\/revisions"}],"wp:attachment":[{"href":"https:\/\/gocarp.com\/en\/wp-json\/wp\/v2\/media?parent=24756"}],"curies":[{"name":"wp","href":"https:\/\/api.w.org\/{rel}","templated":true}]}}