{"id":15572,"date":"2022-08-13T15:43:31","date_gmt":"2022-08-13T15:43:31","guid":{"rendered":"https:\/\/gocarp.com\/?page_id=15572"},"modified":"2024-07-24T16:10:35","modified_gmt":"2024-07-24T14:10:35","slug":"mentions-legales","status":"publish","type":"page","link":"https:\/\/gocarp.com\/en\/mentions-legales\/","title":{"rendered":"Legal notice"},"content":{"rendered":"<div data-elementor-type=\"wp-page\" data-elementor-id=\"15572\" class=\"elementor elementor-15572\" data-elementor-post-type=\"page\">\n\t\t\t\t\t\t\t<div class=\"elementor-element elementor-element-2cee11 e-flex e-con-boxed e-con e-parent\" data-id=\"2cee11\" data-element_type=\"container\" data-settings=\"{&quot;content_width&quot;:&quot;boxed&quot;}\" data-core-v316-plus=\"true\">\n\t\t\t\t\t<div class=\"e-con-inner\">\n\t\t\t\t<div class=\"elementor-element elementor-element-24f02d49 elementor-widget elementor-widget-text-editor\" data-id=\"24f02d49\" data-element_type=\"widget\" data-widget_type=\"text-editor.default\">\n\t\t\t\t<div class=\"elementor-widget-container\">\n\t\t\t<style>\/*! elementor - v3.17.0 - 08-11-2023 *\/\n.elementor-widget-text-editor.elementor-drop-cap-view-stacked .elementor-drop-cap{background-color:#69727d;color:#fff}.elementor-widget-text-editor.elementor-drop-cap-view-framed .elementor-drop-cap{color:#69727d;border:3px solid;background-color:transparent}.elementor-widget-text-editor:not(.elementor-drop-cap-view-default) .elementor-drop-cap{margin-top:8px}.elementor-widget-text-editor:not(.elementor-drop-cap-view-default) .elementor-drop-cap-letter{width:1em;height:1em}.elementor-widget-text-editor .elementor-drop-cap{float:left;text-align:center;line-height:1;font-size:50px}.elementor-widget-text-editor .elementor-drop-cap-letter{display:inline-block}<\/style>\t\t\t\t<p>Le site Internet www.gocarp.com, ci-apr\u00e8s d\u00e9nomm\u00e9 \u00ab GoCarp.com \u00bb propose un service de d\u00e9p\u00f4t et de consultation de petites annonces sur Internet plus sp\u00e9cifiquement destin\u00e9 aux particuliers.<\/p>\n<p>L&rsquo;acc\u00e8s au site, sa consultation et son utilisation sont subordonn\u00e9s \u00e0 l&rsquo;acceptation sans r\u00e9serve des pr\u00e9sentes Conditions G\u00e9n\u00e9rales d&rsquo;Utilisation de GoCarp.com.<\/p>\n<p>Le site est \u00e9dit\u00e9 par Poisson Jaune SAS, SAS au capital de 3 500 euros, immatricul\u00e9e au registre du commerce et des soci\u00e9t\u00e9s de Le Mans sous le num\u00e9ro 915 357 412. Si\u00e8ge social :&nbsp;10 rue du Colis\u00e9e,&nbsp;75008 Paris,&nbsp;France.<\/p>\n<p>Num\u00e9ro de TVA intracommunautaire : FR17915357412.<\/p>\n<p>Le site a \u00e9t\u00e9 r\u00e9alis\u00e9 par l&rsquo;<a href=\"https:\/\/www.leaddy.fr\">agence marketing Leaddy \u00e0 Annecy<\/a>.<\/p>\t\t\t\t\t\t<\/div>\n\t\t\t\t<\/div>\n\t\t\t\t\t<\/div>\n\t\t\t\t<\/div>\n\t\t\t\t\t\t\t<\/div>","protected":false},"excerpt":{"rendered":"<p>Le site Internet www.gocarp.com, ci-apr\u00e8s d\u00e9nomm\u00e9 \u00ab GoCarp.com \u00bb propose un service de d\u00e9p\u00f4t et de consultation de petites annonces sur Internet plus sp\u00e9cifiquement destin\u00e9 aux particuliers. L&rsquo;acc\u00e8s au site, sa consultation et son utilisation sont subordonn\u00e9s \u00e0 l&rsquo;acceptation sans r\u00e9serve des pr\u00e9sentes Conditions G\u00e9n\u00e9rales d&rsquo;Utilisation de GoCarp.com. Le site est \u00e9dit\u00e9 par Poisson Jaune [&hellip;]<\/p>","protected":false},"author":4,"featured_media":19925,"parent":0,"menu_order":0,"comment_status":"closed","ping_status":"closed","template":"","meta":{"om_disable_all_campaigns":false,"_monsterinsights_skip_tracking":false,"_monsterinsights_sitenote_active":false,"_monsterinsights_sitenote_note":"","_monsterinsights_sitenote_category":0,"_uf_show_specific_survey":0,"_uf_disable_surveys":false,"footnotes":""},"class_list":["post-15572","page","type-page","status-publish","has-post-thumbnail","hentry"],"acf":[],"yoast_head":"<!-- This site is optimized with the Yoast SEO Premium plugin v21.4 (Yoast SEO v21.4) - https:\/\/yoast.com\/wordpress\/plugins\/seo\/ -->\n<title>Mentions l\u00e9gales - GoCarp<\/title>\n<meta name=\"robots\" content=\"index, follow, max-snippet:-1, max-image-preview:large, max-video-preview:-1\" \/>\n<link rel=\"canonical\" href=\"https:\/\/gocarp.com\/en\/mentions-legales\/\" \/>\n<meta property=\"og:locale\" content=\"en_GB\" \/>\n<meta property=\"og:type\" content=\"article\" \/>\n<meta property=\"og:title\" content=\"Mentions l\u00e9gales\" \/>\n<meta property=\"og:description\" content=\"Le site Internet www.gocarp.com, ci-apr\u00e8s d\u00e9nomm\u00e9 \u00ab GoCarp.com \u00bb propose un service de d\u00e9p\u00f4t et de consultation de petites annonces sur Internet plus sp\u00e9cifiquement destin\u00e9 aux particuliers. L&rsquo;acc\u00e8s au site, sa consultation et son utilisation sont subordonn\u00e9s \u00e0 l&rsquo;acceptation sans r\u00e9serve des pr\u00e9sentes Conditions G\u00e9n\u00e9rales d&rsquo;Utilisation de GoCarp.com. Le site est \u00e9dit\u00e9 par Poisson Jaune [&hellip;]\" \/>\n<meta property=\"og:url\" content=\"https:\/\/gocarp.com\/en\/mentions-legales\/\" \/>\n<meta property=\"og:site_name\" content=\"GoCarp\" \/>\n<meta property=\"article:publisher\" content=\"https:\/\/www.facebook.com\/gocarpcom\/\" \/>\n<meta property=\"article:modified_time\" content=\"2024-07-24T14:10:35+00:00\" \/>\n<meta property=\"og:image\" content=\"https:\/\/gocarp.com\/wp-content\/uploads\/2022\/11\/Guide-carpe-header.jpg\" \/>\n\t<meta property=\"og:image:width\" content=\"1366\" \/>\n\t<meta property=\"og:image:height\" content=\"304\" \/>\n\t<meta property=\"og:image:type\" content=\"image\/jpeg\" \/>\n<meta name=\"twitter:card\" content=\"summary_large_image\" \/>\n<meta name=\"twitter:label1\" content=\"Estimated reading time\" \/>\n\t<meta name=\"twitter:data1\" content=\"1 minute\" \/>\n<script type=\"application\/ld+json\" class=\"yoast-schema-graph\">{\"@context\":\"https:\/\/schema.org\",\"@graph\":[{\"@type\":\"WebPage\",\"@id\":\"https:\/\/gocarp.com\/mentions-legales\/\",\"url\":\"https:\/\/gocarp.com\/mentions-legales\/\",\"name\":\"Mentions l\u00e9gales - GoCarp\",\"isPartOf\":{\"@id\":\"https:\/\/gocarp.com\/#website\"},\"datePublished\":\"2022-08-13T15:43:31+00:00\",\"dateModified\":\"2024-07-24T14:10:35+00:00\",\"breadcrumb\":{\"@id\":\"https:\/\/gocarp.com\/mentions-legales\/#breadcrumb\"},\"inLanguage\":\"en-GB\",\"potentialAction\":[{\"@type\":\"ReadAction\",\"target\":[\"https:\/\/gocarp.com\/mentions-legales\/\"]}]},{\"@type\":\"BreadcrumbList\",\"@id\":\"https:\/\/gocarp.com\/mentions-legales\/#breadcrumb\",\"itemListElement\":[{\"@type\":\"ListItem\",\"position\":1,\"name\":\"Accueil\",\"item\":\"https:\/\/gocarp.com\/\"},{\"@type\":\"ListItem\",\"position\":2,\"name\":\"Mentions l\u00e9gales\"}]},{\"@type\":\"WebSite\",\"@id\":\"https:\/\/gocarp.com\/#website\",\"url\":\"https:\/\/gocarp.com\/\",\"name\":\"GoCarp\",\"description\":\"Click &amp; fish\",\"publisher\":{\"@id\":\"https:\/\/gocarp.com\/#organization\"},\"potentialAction\":[{\"@type\":\"SearchAction\",\"target\":{\"@type\":\"EntryPoint\",\"urlTemplate\":\"https:\/\/gocarp.com\/?s={search_term_string}\"},\"query-input\":\"required name=search_term_string\"}],\"inLanguage\":\"en-GB\"},{\"@type\":\"Organization\",\"@id\":\"https:\/\/gocarp.com\/#organization\",\"name\":\"GoCarp\",\"url\":\"https:\/\/gocarp.com\/\",\"logo\":{\"@type\":\"ImageObject\",\"inLanguage\":\"en-GB\",\"@id\":\"https:\/\/gocarp.com\/#\/schema\/logo\/image\/\",\"url\":\"https:\/\/gocarp.com\/wp-content\/uploads\/2022\/11\/Logo_GoCarp_Officiel-Mini-1.png\",\"contentUrl\":\"https:\/\/gocarp.com\/wp-content\/uploads\/2022\/11\/Logo_GoCarp_Officiel-Mini-1.png\",\"width\":600,\"height\":228,\"caption\":\"GoCarp\"},\"image\":{\"@id\":\"https:\/\/gocarp.com\/#\/schema\/logo\/image\/\"},\"sameAs\":[\"https:\/\/www.facebook.com\/gocarpcom\/\",\"https:\/\/www.instagram.com\/gocarp_fishing\/\",\"https:\/\/www.youtube.com\/channel\/UCVK__pf3DhjffxBGzWDGjag\"]}]}<\/script>\n<!-- \/ Yoast SEO Premium plugin. -->","yoast_head_json":{"title":"Mentions l\u00e9gales - GoCarp","robots":{"index":"index","follow":"follow","max-snippet":"max-snippet:-1","max-image-preview":"max-image-preview:large","max-video-preview":"max-video-preview:-1"},"canonical":"https:\/\/gocarp.com\/en\/mentions-legales\/","og_locale":"en_GB","og_type":"article","og_title":"Mentions l\u00e9gales","og_description":"Le site Internet www.gocarp.com, ci-apr\u00e8s d\u00e9nomm\u00e9 \u00ab GoCarp.com \u00bb propose un service de d\u00e9p\u00f4t et de consultation de petites annonces sur Internet plus sp\u00e9cifiquement destin\u00e9 aux particuliers. L&rsquo;acc\u00e8s au site, sa consultation et son utilisation sont subordonn\u00e9s \u00e0 l&rsquo;acceptation sans r\u00e9serve des pr\u00e9sentes Conditions G\u00e9n\u00e9rales d&rsquo;Utilisation de GoCarp.com. Le site est \u00e9dit\u00e9 par Poisson Jaune [&hellip;]","og_url":"https:\/\/gocarp.com\/en\/mentions-legales\/","og_site_name":"GoCarp","article_publisher":"https:\/\/www.facebook.com\/gocarpcom\/","article_modified_time":"2024-07-24T14:10:35+00:00","og_image":[{"width":1366,"height":304,"url":"https:\/\/gocarp.com\/wp-content\/uploads\/2022\/11\/Guide-carpe-header.jpg","type":"image\/jpeg"}],"twitter_card":"summary_large_image","twitter_misc":{"Estimated reading time":"1 minute"},"schema":{"@context":"https:\/\/schema.org","@graph":[{"@type":"WebPage","@id":"https:\/\/gocarp.com\/mentions-legales\/","url":"https:\/\/gocarp.com\/mentions-legales\/","name":"Mentions l\u00e9gales - GoCarp","isPartOf":{"@id":"https:\/\/gocarp.com\/#website"},"datePublished":"2022-08-13T15:43:31+00:00","dateModified":"2024-07-24T14:10:35+00:00","breadcrumb":{"@id":"https:\/\/gocarp.com\/mentions-legales\/#breadcrumb"},"inLanguage":"en-GB","potentialAction":[{"@type":"ReadAction","target":["https:\/\/gocarp.com\/mentions-legales\/"]}]},{"@type":"BreadcrumbList","@id":"https:\/\/gocarp.com\/mentions-legales\/#breadcrumb","itemListElement":[{"@type":"ListItem","position":1,"name":"Accueil","item":"https:\/\/gocarp.com\/"},{"@type":"ListItem","position":2,"name":"Mentions l\u00e9gales"}]},{"@type":"WebSite","@id":"https:\/\/gocarp.com\/#website","url":"https:\/\/gocarp.com\/","name":"GoCarp","description":"Click &amp; fish","publisher":{"@id":"https:\/\/gocarp.com\/#organization"},"potentialAction":[{"@type":"SearchAction","target":{"@type":"EntryPoint","urlTemplate":"https:\/\/gocarp.com\/?s={search_term_string}"},"query-input":"required name=search_term_string"}],"inLanguage":"en-GB"},{"@type":"Organization","@id":"https:\/\/gocarp.com\/#organization","name":"GoCarp","url":"https:\/\/gocarp.com\/","logo":{"@type":"ImageObject","inLanguage":"en-GB","@id":"https:\/\/gocarp.com\/#\/schema\/logo\/image\/","url":"https:\/\/gocarp.com\/wp-content\/uploads\/2022\/11\/Logo_GoCarp_Officiel-Mini-1.png","contentUrl":"https:\/\/gocarp.com\/wp-content\/uploads\/2022\/11\/Logo_GoCarp_Officiel-Mini-1.png","width":600,"height":228,"caption":"GoCarp"},"image":{"@id":"https:\/\/gocarp.com\/#\/schema\/logo\/image\/"},"sameAs":["https:\/\/www.facebook.com\/gocarpcom\/","https:\/\/www.instagram.com\/gocarp_fishing\/","https:\/\/www.youtube.com\/channel\/UCVK__pf3DhjffxBGzWDGjag"]}]}},"_links":{"self":[{"href":"https:\/\/gocarp.com\/en\/wp-json\/wp\/v2\/pages\/15572","targetHints":{"allow":["GET"]}}],"collection":[{"href":"https:\/\/gocarp.com\/en\/wp-json\/wp\/v2\/pages"}],"about":[{"href":"https:\/\/gocarp.com\/en\/wp-json\/wp\/v2\/types\/page"}],"author":[{"embeddable":true,"href":"https:\/\/gocarp.com\/en\/wp-json\/wp\/v2\/users\/4"}],"replies":[{"embeddable":true,"href":"https:\/\/gocarp.com\/en\/wp-json\/wp\/v2\/comments?post=15572"}],"version-history":[{"count":0,"href":"https:\/\/gocarp.com\/en\/wp-json\/wp\/v2\/pages\/15572\/revisions"}],"wp:featuredmedia":[{"embeddable":true,"href":"https:\/\/gocarp.com\/en\/wp-json\/wp\/v2\/media\/19925"}],"wp:attachment":[{"href":"https:\/\/gocarp.com\/en\/wp-json\/wp\/v2\/media?parent=15572"}],"curies":[{"name":"wp","href":"https:\/\/api.w.org\/{rel}","templated":true}]}}